{"id":7,"date":"2023-05-19T13:59:15","date_gmt":"2023-05-19T13:59:15","guid":{"rendered":"https:\/\/www.freigespuert.at\/?page_id=7"},"modified":"2025-09-23T11:48:34","modified_gmt":"2025-09-23T11:48:34","slug":"coming-soon","status":"publish","type":"page","link":"https:\/\/www.freigespuert.at\/","title":{"rendered":"Coming soon"},"content":{"rendered":"\t\t<div data-elementor-type=\"wp-page\" data-elementor-id=\"7\" class=\"elementor elementor-7\">\n\t\t\t\t\t\t<section class=\"elementor-section elementor-top-section elementor-element elementor-element-56aa2eaf elementor-section-full_width elementor-section-height-min-height elementor-section-height-default elementor-section-items-middle\" data-id=\"56aa2eaf\" data-element_type=\"section\">\n\t\t\t\t\t\t<div class=\"elementor-container elementor-column-gap-no\">\n\t\t\t\t\t<div class=\"elementor-column elementor-col-100 elementor-top-column elementor-element elementor-element-1091cf2a\" data-id=\"1091cf2a\" data-element_type=\"column\">\n\t\t\t<div class=\"elementor-widget-wrap elementor-element-populated\">\n\t\t\t\t\t\t<div class=\"elementor-element elementor-element-100fc785 elementor-widget elementor-widget-image\" data-id=\"100fc785\" data-element_type=\"widget\" data-widget_type=\"image.default\">\n\t\t\t\t<div class=\"elementor-widget-container\">\n\t\t\t\t\t\t\t\t\t\t\t\t\t\t\t<img fetchpriority=\"high\" decoding=\"async\" width=\"768\" height=\"768\" src=\"https:\/\/www.freigespuert.at\/wp-content\/uploads\/2023\/05\/logo-768x768.jpg\" class=\"attachment-medium_large size-medium_large wp-image-10\" alt=\"\" srcset=\"https:\/\/www.freigespuert.at\/wp-content\/uploads\/2023\/05\/logo-768x768.jpg 768w, https:\/\/www.freigespuert.at\/wp-content\/uploads\/2023\/05\/logo-300x300.jpg 300w, https:\/\/www.freigespuert.at\/wp-content\/uploads\/2023\/05\/logo-1024x1024.jpg 1024w, https:\/\/www.freigespuert.at\/wp-content\/uploads\/2023\/05\/logo-150x150.jpg 150w, https:\/\/www.freigespuert.at\/wp-content\/uploads\/2023\/05\/logo-1536x1536.jpg 1536w, https:\/\/www.freigespuert.at\/wp-content\/uploads\/2023\/05\/logo-2048x2048.jpg 2048w\" sizes=\"(max-width: 768px) 100vw, 768px\" \/>\t\t\t\t\t\t\t\t\t\t\t\t\t\t\t<\/div>\n\t\t\t\t<\/div>\n\t\t\t\t<div class=\"elementor-element elementor-element-1c9d5da5 elementor-hidden-mobile elementor-widget elementor-widget-heading\" data-id=\"1c9d5da5\" data-element_type=\"widget\" data-widget_type=\"heading.default\">\n\t\t\t\t<div class=\"elementor-widget-container\">\n\t\t\t\t\t<p class=\"elementor-heading-title elementor-size-default\">Mit sanften Ber\u00fchrungen &amp; <br>harmonischen Kl\u00e4nge \nzur tiefen Entspannung.<\/p>\t\t\t\t<\/div>\n\t\t\t\t<\/div>\n\t\t\t\t<div class=\"elementor-element elementor-element-5724fb3 elementor-hidden-desktop elementor-hidden-tablet elementor-widget elementor-widget-heading\" data-id=\"5724fb3\" data-element_type=\"widget\" data-widget_type=\"heading.default\">\n\t\t\t\t<div class=\"elementor-widget-container\">\n\t\t\t\t\t<p class=\"elementor-heading-title elementor-size-default\">Mit sanften Ber\u00fchrungen &amp; harmonischen Kl\u00e4nge \nzur tiefen Entspannung.<\/p>\t\t\t\t<\/div>\n\t\t\t\t<\/div>\n\t\t\t\t\t<\/div>\n\t\t<\/div>\n\t\t\t\t\t<\/div>\n\t\t<\/section>\n\t\t\t\t<section class=\"elementor-section elementor-top-section elementor-element elementor-element-1c2defe6 elementor-section-boxed elementor-section-height-default elementor-section-height-default\" data-id=\"1c2defe6\" data-element_type=\"section\">\n\t\t\t\t\t\t<div class=\"elementor-container elementor-column-gap-default\">\n\t\t\t\t\t<div class=\"elementor-column elementor-col-100 elementor-top-column elementor-element elementor-element-62721813\" data-id=\"62721813\" data-element_type=\"column\">\n\t\t\t<div class=\"elementor-widget-wrap elementor-element-populated\">\n\t\t\t\t\t\t<div class=\"elementor-element elementor-element-4fd7466a elementor-widget elementor-widget-heading\" data-id=\"4fd7466a\" data-element_type=\"widget\" data-widget_type=\"heading.default\">\n\t\t\t\t<div class=\"elementor-widget-container\">\n\t\t\t\t\t<p class=\"elementor-heading-title elementor-size-default\">NUAD THAI &amp; KLANG<\/p>\t\t\t\t<\/div>\n\t\t\t\t<\/div>\n\t\t\t\t<div class=\"elementor-element elementor-element-5c729530 elementor-widget elementor-widget-image\" data-id=\"5c729530\" data-element_type=\"widget\" data-widget_type=\"image.default\">\n\t\t\t\t<div class=\"elementor-widget-container\">\n\t\t\t\t\t\t\t\t\t\t\t\t\t\t\t<img decoding=\"async\" width=\"768\" height=\"1024\" src=\"https:\/\/www.freigespuert.at\/wp-content\/uploads\/2025\/09\/freigespuert-768x1024.jpeg\" class=\"attachment-large size-large wp-image-78\" alt=\"\" srcset=\"https:\/\/www.freigespuert.at\/wp-content\/uploads\/2025\/09\/freigespuert-768x1024.jpeg 768w, https:\/\/www.freigespuert.at\/wp-content\/uploads\/2025\/09\/freigespuert-225x300.jpeg 225w, https:\/\/www.freigespuert.at\/wp-content\/uploads\/2025\/09\/freigespuert.jpeg 960w\" sizes=\"(max-width: 768px) 100vw, 768px\" \/>\t\t\t\t\t\t\t\t\t\t\t\t\t\t\t<\/div>\n\t\t\t\t<\/div>\n\t\t\t\t\t<\/div>\n\t\t<\/div>\n\t\t\t\t\t<\/div>\n\t\t<\/section>\n\t\t\t\t<section class=\"elementor-section elementor-top-section elementor-element elementor-element-f72eda9 elementor-section-full_width elementor-section-height-default elementor-section-height-default\" data-id=\"f72eda9\" data-element_type=\"section\">\n\t\t\t\t\t\t<div class=\"elementor-container elementor-column-gap-no\">\n\t\t\t\t\t<div class=\"elementor-column elementor-col-100 elementor-top-column elementor-element elementor-element-3ce9a8d7\" data-id=\"3ce9a8d7\" data-element_type=\"column\">\n\t\t\t<div class=\"elementor-widget-wrap elementor-element-populated\">\n\t\t\t\t\t\t<section class=\"elementor-section elementor-inner-section elementor-element elementor-element-e411fd3 elementor-section-full_width elementor-section-height-default elementor-section-height-default\" data-id=\"e411fd3\" data-element_type=\"section\">\n\t\t\t\t\t\t<div class=\"elementor-container elementor-column-gap-default\">\n\t\t\t\t\t<div class=\"elementor-column elementor-col-50 elementor-inner-column elementor-element elementor-element-c8edac5\" data-id=\"c8edac5\" data-element_type=\"column\">\n\t\t\t<div class=\"elementor-widget-wrap\">\n\t\t\t\t\t\t\t<\/div>\n\t\t<\/div>\n\t\t\t\t<div class=\"elementor-column elementor-col-50 elementor-inner-column elementor-element elementor-element-683dc11f\" data-id=\"683dc11f\" data-element_type=\"column\">\n\t\t\t<div class=\"elementor-widget-wrap elementor-element-populated\">\n\t\t\t\t\t\t<div class=\"elementor-element elementor-element-2fd26d4a elementor-invisible elementor-widget elementor-widget-text-editor\" data-id=\"2fd26d4a\" data-element_type=\"widget\" data-settings=\"{&quot;_animation&quot;:&quot;fadeInLeft&quot;}\" data-widget_type=\"text-editor.default\">\n\t\t\t\t<div class=\"elementor-widget-container\">\n\t\t\t\t\t\t\t\t\t<p>Sp\u00fcr dich frei &#8230;<\/p>\t\t\t\t\t\t\t\t<\/div>\n\t\t\t\t<\/div>\n\t\t\t\t<div class=\"elementor-element elementor-element-45eebfc4 elementor-widget elementor-widget-spacer\" data-id=\"45eebfc4\" data-element_type=\"widget\" data-widget_type=\"spacer.default\">\n\t\t\t\t<div class=\"elementor-widget-container\">\n\t\t\t\t\t\t\t<div class=\"elementor-spacer\">\n\t\t\t<div class=\"elementor-spacer-inner\"><\/div>\n\t\t<\/div>\n\t\t\t\t\t\t<\/div>\n\t\t\t\t<\/div>\n\t\t\t\t\t<\/div>\n\t\t<\/div>\n\t\t\t\t\t<\/div>\n\t\t<\/section>\n\t\t\t\t<div class=\"elementor-element elementor-element-539f86e4 elementor-widget elementor-widget-heading\" data-id=\"539f86e4\" data-element_type=\"widget\" data-widget_type=\"heading.default\">\n\t\t\t\t<div class=\"elementor-widget-container\">\n\t\t\t\t\t<p class=\"elementor-heading-title elementor-size-default\">Website wird f\u00fcr dich <br>\ngerade aufgeh\u00fcbscht,<\/p>\t\t\t\t<\/div>\n\t\t\t\t<\/div>\n\t\t\t\t<div class=\"elementor-element elementor-element-38447b0 elementor-widget elementor-widget-heading\" data-id=\"38447b0\" data-element_type=\"widget\" data-widget_type=\"heading.default\">\n\t\t\t\t<div class=\"elementor-widget-container\">\n\t\t\t\t\t<p class=\"elementor-heading-title elementor-size-default\">Termine k\u00f6nnen schon vereinbart werden.<\/p>\t\t\t\t<\/div>\n\t\t\t\t<\/div>\n\t\t\t\t<div class=\"elementor-element elementor-element-9e258c8 elementor-widget elementor-widget-text-editor\" data-id=\"9e258c8\" data-element_type=\"widget\" data-widget_type=\"text-editor.default\">\n\t\t\t\t<div class=\"elementor-widget-container\">\n\t\t\t\t\t\t\t\t\t<p><span style=\"color: #ffffff;\"><a style=\"color: #ffffff;\" href=\"tel: +43 650 85 09 080\">+43 650 85 09 080<\/a><\/span><br \/><span style=\"color: #ffffff;\"><a style=\"color: #ffffff;\" href=\"mailto:info@freigespuert.at\">info@freigespuert.at<\/a><\/span><br \/><span style=\"color: #ffffff;\">Steiermark | Murtal | Wei\u00dfkirchen<\/span><br \/><span style=\"color: #ffffff;\"><a style=\"color: #ffffff;\" href=\"https:\/\/www.instagram.com\/frei_gespuert\/\" target=\"_blank\" rel=\"noopener\"><span style=\"text-decoration: underline;\">INSTAGRAM<\/span><\/a><\/span><\/p>\t\t\t\t\t\t\t\t<\/div>\n\t\t\t\t<\/div>\n\t\t\t\t\t<\/div>\n\t\t<\/div>\n\t\t\t\t\t<\/div>\n\t\t<\/section>\n\t\t\t\t<\/div>\n\t\t","protected":false},"excerpt":{"rendered":"<p>Mit sanften Ber\u00fchrungen &amp; harmonischen Kl\u00e4nge zur tiefen Entspannung. Mit sanften Ber\u00fchrungen &amp; harmonischen Kl\u00e4nge zur tiefen Entspannung. NUAD THAI &amp; KLANG Sp\u00fcr dich frei &#8230; Website wird f\u00fcr dich gerade aufgeh\u00fcbscht, Termine k\u00f6nnen schon vereinbart werden. +43 650 85 09 080info@freigespuert.atSteiermark | Murtal | Wei\u00dfkirchenINSTAGRAM<\/p>\n","protected":false},"author":2,"featured_media":0,"parent":0,"menu_order":0,"comment_status":"closed","ping_status":"closed","template":"elementor_canvas","meta":{"footnotes":""},"class_list":["post-7","page","type-page","status-publish","hentry"],"_links":{"self":[{"href":"https:\/\/www.freigespuert.at\/index.php?rest_route=\/wp\/v2\/pages\/7","targetHints":{"allow":["GET"]}}],"collection":[{"href":"https:\/\/www.freigespuert.at\/index.php?rest_route=\/wp\/v2\/pages"}],"about":[{"href":"https:\/\/www.freigespuert.at\/index.php?rest_route=\/wp\/v2\/types\/page"}],"author":[{"embeddable":true,"href":"https:\/\/www.freigespuert.at\/index.php?rest_route=\/wp\/v2\/users\/2"}],"replies":[{"embeddable":true,"href":"https:\/\/www.freigespuert.at\/index.php?rest_route=%2Fwp%2Fv2%2Fcomments&post=7"}],"version-history":[{"count":55,"href":"https:\/\/www.freigespuert.at\/index.php?rest_route=\/wp\/v2\/pages\/7\/revisions"}],"predecessor-version":[{"id":81,"href":"https:\/\/www.freigespuert.at\/index.php?rest_route=\/wp\/v2\/pages\/7\/revisions\/81"}],"wp:attachment":[{"href":"https:\/\/www.freigespuert.at\/index.php?rest_route=%2Fwp%2Fv2%2Fmedia&parent=7"}],"curies":[{"name":"wp","href":"https:\/\/api.w.org\/{rel}","templated":true}]}}